{"id":6,"date":"2021-09-29T19:18:04","date_gmt":"2021-09-29T19:18:04","guid":{"rendered":"https:\/\/vartiosaarenasukasyhdistys.fi\/?page_id=6"},"modified":"2022-07-19T07:01:05","modified_gmt":"2022-07-19T07:01:05","slug":"vartiosaaren-asukasyhdistys-ry","status":"publish","type":"page","link":"https:\/\/vartiosaarenasukasyhdistys.fi\/","title":{"rendered":"Vartiosaaren Asukasyhdistys ry"},"content":{"rendered":"\n\n  <div class=\"banner has-hover\" id=\"banner-63752055\">\n          <div class=\"banner-inner fill\">\n        <div class=\"banner-bg fill\" >\n            <div class=\"bg fill bg-fill \"><\/div>\n                        <div class=\"overlay\"><\/div>            \n                    <\/div>\n        <div class=\"banner-layers container\">\n            <div class=\"fill banner-link\"><\/div>            \n\n   <div id=\"text-box-1866859800\" class=\"text-box banner-layer x50 md-x50 lg-x50 y50 md-y50 lg-y50 res-text\">\n                                <div class=\"text-box-content text dark\">\n              \n              <div class=\"text-inner text-center\">\n                  \n\n<h3 class=\"uppercase\"><strong>VArtiosaaren asukasyhdistys RY<\/strong><\/h3><\/p>\n\n              <\/div>\n           <\/div>\n                            \n<style>\n#text-box-1866859800 .text-box-content {\n  background-color: rgba(0, 0, 0, 0.541);\n  border-radius: 15px;\n  font-size: 106%;\n}\n#text-box-1866859800 .text-inner {\n  padding: 10px 5px 0px 5px;\n}\n#text-box-1866859800 {\n  width: 60%;\n}\n<\/style>\n    <\/div>\n \n\n        <\/div>\n      <\/div>\n\n            \n<style>\n#banner-63752055 {\n  padding-top: 500px;\n}\n#banner-63752055 .bg.bg-loaded {\n  background-image: url(https:\/\/vartiosaarenasukasyhdistys.fi\/wp-content\/uploads\/2021\/09\/adrian-infernus-5apewqWk978-unsplash-1024x683.jpeg);\n}\n#banner-63752055 .overlay {\n  background-color: rgba(255, 255, 255, 0.256);\n}\n#banner-63752055 .bg {\n  background-position: 22% 61%;\n}\n<\/style>\n  <\/div>\n\n\n\t<div id=\"gap-1381703672\" class=\"gap-element clearfix\" style=\"display:block; height:auto;\">\n\t\t\n<style>\n#gap-1381703672 {\n  padding-top: 40px;\n}\n<\/style>\n\t<\/div>\n\t\n\n<span class=\"scroll-to\" data-label=\"Scroll to: #vartiosaari\" data-bullet=\"true\" data-link=\"#vartiosaari\" data-title=\"Vartiosaari\"><a name=\"vartiosaari\"><\/a><\/span>\n\n<div class=\"row\"  id=\"row-261976260\">\n\n\n\t<div id=\"col-1064761627\" class=\"col medium-5 small-12 large-5\"  >\n\t\t\t\t<div class=\"col-inner\"  >\n\t\t\t\n\t\t\t\n\n\t<div class=\"img has-hover x md-x lg-x y md-y lg-y\" id=\"image_967739860\">\n\t\t<a class=\"\" href=\"https:\/\/www.strang.fi\/vartiosaari\/kartta\/\" target=\"_blank\" rel=\"noopener noreferrer\" >\t\t\t\t\t\t<div class=\"img-inner image-zoom image-cover box-shadow-2 dark\" style=\"padding-top:100%;\">\n\t\t\t<img loading=\"lazy\" decoding=\"async\" width=\"724\" height=\"1024\" src=\"https:\/\/vartiosaarenasukasyhdistys.fi\/wp-content\/uploads\/2022\/07\/Vartiosaaren_kartta_JS_1500px-724x1024.jpg\" class=\"attachment-large size-large\" alt=\"\" srcset=\"https:\/\/vartiosaarenasukasyhdistys.fi\/wp-content\/uploads\/2022\/07\/Vartiosaaren_kartta_JS_1500px-724x1024.jpg 724w, https:\/\/vartiosaarenasukasyhdistys.fi\/wp-content\/uploads\/2022\/07\/Vartiosaaren_kartta_JS_1500px-212x300.jpg 212w, https:\/\/vartiosaarenasukasyhdistys.fi\/wp-content\/uploads\/2022\/07\/Vartiosaaren_kartta_JS_1500px-768x1086.jpg 768w, https:\/\/vartiosaarenasukasyhdistys.fi\/wp-content\/uploads\/2022\/07\/Vartiosaaren_kartta_JS_1500px.jpg 1061w\" sizes=\"auto, (max-width: 724px) 100vw, 724px\" \/>\t\t\t\t\t\t\n\t\t\t\t\t<\/div>\n\t\t\t\t\t\t<\/a>\t\t\n<style>\n#image_967739860 {\n  width: 100%;\n}\n<\/style>\n\t<\/div>\n\t\n\n\t<div id=\"text-3469762197\" class=\"text\">\n\t\t\n\n<p>Pienennetty kopio Jan Strangin Vartiosaaren retkeilykartasta. Alkuper\u00e4inen kartta on t\u00e4\u00e4ll\u00e4: <a href=\"https:\/\/www.strang.fi\/vartiosaari\/kartta\/\">Vartiosaaren retkeilykartta<\/a><\/p>\n\n\t\t\n<style>\n#text-3469762197 {\n  font-size: 0.95rem;\n}\n<\/style>\n\t<\/div>\n\t\n\n\t\t<\/div>\n\t\t\t\t\t<\/div>\n\n\t\n\n\t<div id=\"col-474852858\" class=\"col medium-7 small-12 large-7\"  >\n\t\t\t\t<div class=\"col-inner\"  >\n\t\t\t\n\t\t\t\n\n<h2><span style=\"color: #000000;\">Vartiosaari<\/span><\/h2>\n<p><span style=\"color: #000000; font-size: 120%;\">Vartiosaari on It\u00e4-Helsingiss\u00e4 Laajasalon, Tammisalon ja Vuosaaren v\u00e4liss\u00e4 sijaitseva hieman alle neli\u00f6kilometrin kokoinen saari, joka kuuluu kokonaisuudessaan Helsinkiin. Vartiosaari on suurimmaksi osaksi Helsingin kaupungin omistuksessa, mutta saarella on my\u00f6s yksityisi\u00e4 tiluksia. Saarella on Helsingin parhaiten s\u00e4ilyneit\u00e4 huvilayhdyskuntia, Huviloista noin puolet on yksityisomistuksessa, osa on vuokrattu erilaisille yhteis\u00f6ille. Saarella on my\u00f6s upea luontopolku, jonka varrella on muun muassa hiidenkirnu ja n\u00e4k\u00f6alakallio.<\/span><\/p>\n<p><span style=\"font-size: 120%;\">Saaren luontotyyppien m\u00e4\u00e4r\u00e4 on merkitt\u00e4v\u00e4 ja mets\u00e4tyypit vaihtelevat lehdoista tuoreisiin kankaisiin ja j\u00e4k\u00e4l\u00e4karukkoihin. N\u00e4iden ohella on muun muassa maaduntaluhtaa, laidunniitty\u00e4, soistumaa, jalopuupuistikkoa ja avokalliota. Helsingin luontotietoj\u00e4rjestelm\u00e4n mukaan yli puolet saaren pinta-alasta on arvokkaita luontokohteita (kasvillisuus, mets\u00e4t, geologia, linnusto). Lis\u00e4ksi koko saari on luokiteltu t\u00e4rke\u00e4ksi lepakkokohteeksi.<\/span><\/p>\n<p><span style=\"font-size: 120%;\">Vartiosaaressa on viime vuosina tapahtunut useita uudistuksia. Reittej\u00e4, opasteita, k\u00e4ym\u00e4l\u00f6it\u00e4 ja j\u00e4tehuoltoa on parannettu vuosina 2020 ja 2021 ja lis\u00e4ksi saareen p\u00e4\u00e4sy\u00e4 on helpotettu tihent\u00e4m\u00e4ll\u00e4 vesiliikennett\u00e4.<\/span><\/p>\n\n\t\t<\/div>\n\t\t\t\t\t<\/div>\n\n\t\n\n<\/div>\n<div class=\"row\"  id=\"row-54968564\">\n\n\n\t<div id=\"col-976723268\" class=\"col small-12 large-12\"  >\n\t\t\t\t<div class=\"col-inner\"  >\n\t\t\t\n\t\t\t\n\n<div class=\"row\"  id=\"row-1612043228\">\n\n\n\t<div id=\"col-879222766\" class=\"col medium-6 small-12 large-6\"  >\n\t\t\t\t<div class=\"col-inner\"  >\n\t\t\t\n\t\t\t\n\n<span class=\"scroll-to\" data-label=\"Scroll to: #yhdistys\" data-bullet=\"true\" data-link=\"#yhdistys\" data-title=\"yhdistys\"><a name=\"yhdistys\"><\/a><\/span>\n\n<h2><span style=\"color: #000000;\">Yhdistys<\/span><\/h2>\n<p><span style=\"color: #000000; font-size: 120%;\">Vartiosaaren asukasyhdistys on 2011 rekister\u00f6ity yhdistys, jonka tavoitteena on edist\u00e4\u00e4 Vartiosaaren merkityst\u00e4 ja k\u00e4ytt\u00f6\u00e4 niin saaressa asuvien, saaren asioista kiinnostuneiden sek\u00e4 muiden sidosryhmien osalta. Yhdistyksen tavoitteena onkin suojella Vartiosaaren uniikkia luontoa, edist\u00e4\u00e4 saaren vastuullista ja kest\u00e4v\u00e4\u00e4 k\u00e4ytt\u00f6\u00e4, sek\u00e4 lis\u00e4t\u00e4 sen houkuttelevuutta ja viihtyvyytt\u00e4 luontokohteena. Vartiosaaren asukasyhdistys toimii yhdistykselle asetettujen s\u00e4\u00e4nt\u00f6m\u00e4\u00e4r\u00e4ysten mukaan.<\/span><\/p>\n\n\t\t<\/div>\n\t\t\t\t\t<\/div>\n\n\t\n\n\t<div id=\"col-2101078001\" class=\"col medium-6 small-12 large-6\"  >\n\t\t\t\t<div class=\"col-inner\"  >\n\t\t\t\n\t\t\t\n\n\t<div class=\"img has-hover x md-x lg-x y md-y lg-y\" id=\"image_1737061425\">\n\t\t\t\t\t\t\t\t<div class=\"img-inner image-cover dark\" style=\"padding-top:80%;\">\n\t\t\t<img loading=\"lazy\" decoding=\"async\" width=\"833\" height=\"1024\" src=\"https:\/\/vartiosaarenasukasyhdistys.fi\/wp-content\/uploads\/2021\/10\/IMG_3409-833x1024.jpg\" class=\"attachment-large size-large\" alt=\"\" srcset=\"https:\/\/vartiosaarenasukasyhdistys.fi\/wp-content\/uploads\/2021\/10\/IMG_3409-833x1024.jpg 833w, https:\/\/vartiosaarenasukasyhdistys.fi\/wp-content\/uploads\/2021\/10\/IMG_3409-244x300.jpg 244w, https:\/\/vartiosaarenasukasyhdistys.fi\/wp-content\/uploads\/2021\/10\/IMG_3409-768x944.jpg 768w, https:\/\/vartiosaarenasukasyhdistys.fi\/wp-content\/uploads\/2021\/10\/IMG_3409-1249x1536.jpg 1249w, https:\/\/vartiosaarenasukasyhdistys.fi\/wp-content\/uploads\/2021\/10\/IMG_3409-1665x2048.jpg 1665w, https:\/\/vartiosaarenasukasyhdistys.fi\/wp-content\/uploads\/2021\/10\/IMG_3409-rotated.jpg 1980w\" sizes=\"auto, (max-width: 833px) 100vw, 833px\" \/>\t\t\t\t\t\t\n\t\t\t\t\t<\/div>\n\t\t\t\t\t\t\t\t\n<style>\n#image_1737061425 {\n  width: 100%;\n}\n<\/style>\n\t<\/div>\n\t\n\n\n\t\t<\/div>\n\t\t\t\t\t<\/div>\n\n\t\n\n<\/div>\n\n\t\t<\/div>\n\t\t\t\t\t<\/div>\n\n\t\n\n<\/div>\n<span class=\"scroll-to\" data-label=\"Scroll to: #otayhteytta\" data-bullet=\"true\" data-link=\"#otayhteytta\" data-title=\"otayhteytta\"><a name=\"otayhteytta\"><\/a><\/span>\n\n<div class=\"row\"  id=\"row-549618578\">\n\n\n\t<div id=\"col-1780923317\" class=\"col medium-6 small-12 large-6\"  >\n\t\t\t\t<div class=\"col-inner\"  >\n\t\t\t\n\t\t\t\n\n<h2>Ota yhteytt\u00e4<\/h2>\n\n<div class=\"wpcf7 no-js\" id=\"wpcf7-f46-o1\" lang=\"en-US\" dir=\"ltr\" data-wpcf7-id=\"46\">\n<div class=\"screen-reader-response\"><p role=\"status\" aria-live=\"polite\" aria-atomic=\"true\"><\/p> <ul><\/ul><\/div>\n<form action=\"\/index.php?rest_route=%2Fwp%2Fv2%2Fpages%2F6#wpcf7-f46-o1\" method=\"post\" class=\"wpcf7-form init\" aria-label=\"Contact form\" novalidate=\"novalidate\" data-status=\"init\">\n<fieldset class=\"hidden-fields-container\"><input type=\"hidden\" name=\"_wpcf7\" value=\"46\" \/><input type=\"hidden\" name=\"_wpcf7_version\" value=\"6.1.5\" \/><input type=\"hidden\" name=\"_wpcf7_locale\" value=\"en_US\" \/><input type=\"hidden\" name=\"_wpcf7_unit_tag\" value=\"wpcf7-f46-o1\" \/><input type=\"hidden\" name=\"_wpcf7_container_post\" value=\"0\" \/><input type=\"hidden\" name=\"_wpcf7_posted_data_hash\" value=\"\" \/>\n<\/fieldset>\n<p><label> Nimi<br \/>\n<span class=\"wpcf7-form-control-wrap\" data-name=\"your-name\"><input size=\"40\" maxlength=\"400\" class=\"wpcf7-form-control wpcf7-text wpcf7-validates-as-required\" aria-required=\"true\" aria-invalid=\"false\" value=\"\" type=\"text\" name=\"your-name\" \/><\/span> <\/label>\n<\/p>\n<p><label> S\u00e4hk\u00f6posti<br \/>\n<span class=\"wpcf7-form-control-wrap\" data-name=\"your-email\"><input size=\"40\" maxlength=\"400\" class=\"wpcf7-form-control wpcf7-email wpcf7-validates-as-required wpcf7-text wpcf7-validates-as-email\" aria-required=\"true\" aria-invalid=\"false\" value=\"\" type=\"email\" name=\"your-email\" \/><\/span> <\/label>\n<\/p>\n<p><label> Viesti<br \/>\n<span class=\"wpcf7-form-control-wrap\" data-name=\"your-message\"><textarea cols=\"40\" rows=\"10\" maxlength=\"2000\" class=\"wpcf7-form-control wpcf7-textarea\" aria-invalid=\"false\" name=\"your-message\"><\/textarea><\/span> <\/label>\n<\/p>\n<p><input class=\"wpcf7-form-control wpcf7-submit has-spinner\" type=\"submit\" value=\"L\u00e4het\u00e4\" \/>\n<\/p><div class=\"wpcf7-response-output\" aria-hidden=\"true\"><\/div>\n<\/form>\n<\/div>\n\n\n\n\t\t<\/div>\n\t\t\t\t\t<\/div>\n\n\t\n\n\t<div id=\"col-865538428\" class=\"col medium-6 small-12 large-6\"  >\n\t\t\t\t<div class=\"col-inner\"  >\n\t\t\t\n\t\t\t\n\n<h2>Yhteystiedot<\/h2>\n<p>Olethan yhteydess\u00e4 oheisen lomakkeen kautta, ja palaamme sinulle asiaan s\u00e4hk\u00f6postitse.<\/p>\n\t<div id=\"gap-2068240115\" class=\"gap-element clearfix\" style=\"display:block; height:auto;\">\n\t\t\n<style>\n#gap-2068240115 {\n  padding-top: 30px;\n}\n<\/style>\n\t<\/div>\n\t\n\n\n\t\t<\/div>\n\t\t\t\t\t<\/div>\n\n\t\n\n<\/div>\n\n","protected":false},"excerpt":{"rendered":"","protected":false},"author":1,"featured_media":0,"parent":0,"menu_order":0,"comment_status":"closed","ping_status":"closed","template":"","meta":{"footnotes":""},"class_list":["post-6","page","type-page","status-publish","hentry"],"_links":{"self":[{"href":"https:\/\/vartiosaarenasukasyhdistys.fi\/index.php?rest_route=\/wp\/v2\/pages\/6","targetHints":{"allow":["GET"]}}],"collection":[{"href":"https:\/\/vartiosaarenasukasyhdistys.fi\/index.php?rest_route=\/wp\/v2\/pages"}],"about":[{"href":"https:\/\/vartiosaarenasukasyhdistys.fi\/index.php?rest_route=\/wp\/v2\/types\/page"}],"author":[{"embeddable":true,"href":"https:\/\/vartiosaarenasukasyhdistys.fi\/index.php?rest_route=\/wp\/v2\/users\/1"}],"replies":[{"embeddable":true,"href":"https:\/\/vartiosaarenasukasyhdistys.fi\/index.php?rest_route=%2Fwp%2Fv2%2Fcomments&post=6"}],"version-history":[{"count":19,"href":"https:\/\/vartiosaarenasukasyhdistys.fi\/index.php?rest_route=\/wp\/v2\/pages\/6\/revisions"}],"predecessor-version":[{"id":77,"href":"https:\/\/vartiosaarenasukasyhdistys.fi\/index.php?rest_route=\/wp\/v2\/pages\/6\/revisions\/77"}],"wp:attachment":[{"href":"https:\/\/vartiosaarenasukasyhdistys.fi\/index.php?rest_route=%2Fwp%2Fv2%2Fmedia&parent=6"}],"curies":[{"name":"wp","href":"https:\/\/api.w.org\/{rel}","templated":true}]}}